{"id":3050,"date":"2025-12-11T14:53:30","date_gmt":"2025-12-11T13:53:30","guid":{"rendered":"https:\/\/www.iplus.it\/?page_id=3050"},"modified":"2025-12-11T15:13:19","modified_gmt":"2025-12-11T14:13:19","slug":"politica-per-la-gestione-della-qualita","status":"publish","type":"page","link":"https:\/\/www.iplus.it\/en\/politica-per-la-gestione-della-qualita\/","title":{"rendered":"Politica per la gestione della qualit\u00e0"},"content":{"rendered":"<div data-elementor-type=\"wp-page\" data-elementor-id=\"3050\" class=\"elementor elementor-3050\">\n\t\t\t\t\t\t\t\t\t<section class=\"elementor-section elementor-top-section elementor-element elementor-element-a9e0e30 elementor-section-boxed elementor-section-height-default elementor-section-height-default\" data-id=\"a9e0e30\" data-element_type=\"section\">\n\t\t\t\t\t\t<div class=\"elementor-container elementor-column-gap-default\">\n\t\t\t\t\t<div class=\"elementor-column elementor-col-100 elementor-top-column elementor-element elementor-element-fdd64c7\" data-id=\"fdd64c7\" data-element_type=\"column\">\n\t\t\t<div class=\"elementor-widget-wrap elementor-element-populated\">\n\t\t\t\t\t\t\t\t<div class=\"elementor-element elementor-element-bf36a99 elementor-widget elementor-widget-text-editor\" data-id=\"bf36a99\" data-element_type=\"widget\" data-widget_type=\"text-editor.default\">\n\t\t\t\t<div class=\"elementor-widget-container\">\n\t\t\t<style>\/*! elementor - v3.16.0 - 14-09-2023 *\/\n.elementor-widget-text-editor.elementor-drop-cap-view-stacked .elementor-drop-cap{background-color:#69727d;color:#fff}.elementor-widget-text-editor.elementor-drop-cap-view-framed .elementor-drop-cap{color:#69727d;border:3px solid;background-color:transparent}.elementor-widget-text-editor:not(.elementor-drop-cap-view-default) .elementor-drop-cap{margin-top:8px}.elementor-widget-text-editor:not(.elementor-drop-cap-view-default) .elementor-drop-cap-letter{width:1em;height:1em}.elementor-widget-text-editor .elementor-drop-cap{float:left;text-align:center;line-height:1;font-size:50px}.elementor-widget-text-editor .elementor-drop-cap-letter{display:inline-block}<\/style>\t\t\t\t<p>Il miglioramento continuo dei propri processi e del Sistema per la Gestione della Qualit\u00e0 sono gli strumenti che iPlus Service considera strategici per il raggiungimento dei propri obiettivi reputazionali e di business.<\/p><p>iPlus Service lavora per rimanere all\u2019avanguardia nell\u2019evoluzione del mercato dell\u2019Information Technology, aggiornando costantemente la propria formazione e la competenza offerta.<\/p><p>In un&#8217;ottica di forte orientamento al cliente, \u00e8 stata definita e implementata una strategia di mercato orientata ad individuare i bisogni e le esigenze dei clienti.<\/p><p>Nel rispetto di questi principi iPlus Service promuove tutte le azioni necessarie affinch\u00e9 i processi e le attivit\u00e0 siano orientati al raggiungimento dei seguenti obiettivi:<\/p><ul><li>Adottare un&#8217;organizzazione orientata all&#8217;approccio basato sull\u2019analisi del rischio correlato che preveda metodi di controllo costante delle prestazioni e dei processi del Sistema di Gestione della Qualit\u00e0;<\/li><li>Sviluppare prodotti e servizi innovativi e ad elevato contenuto tecnologico che soddisfino ed anticipino le aspettative dei clienti;<\/li><li>Ricercare nuove tecnologie che possano rendere sempre pi\u00f9 efficienti e affidabili i prodotti\/servizi offerti;<\/li><li>Migliorare la sicurezza dei sistemi informativi e preservare le informazioni assicurandone la disponibilit\u00e0, la riservatezza e l&#8217;integrit\u00e0;<\/li><li>Valorizzare le risorse umane e la loro crescita professionale a tutti i livelli attraverso la definizione di programmi di formazione e sensibilizzazione;<\/li><li>Diffondere la cultura della legalit\u00e0, della qualit\u00e0, dell\u2019etica e della sicurezza delle informazioni attraverso opportune azioni informative nei confronti di tutto il personale al fine di accrescerne la consapevolezza;<\/li><li>Migliorare in modo continuo l\u2019efficacia del Sistema di Gestione della Qualit\u00e0;<\/li><li>Favorire un ambiente di lavoro che, ispirato ai principi di legalit\u00e0 e di rispetto, correttezza e collaborazione umana, permetta il coinvolgimento e la responsabilizzazione di tutto il personale e dei collaboratori esterni;<\/li><li>Ricercare il miglior risultato economico;<\/li><li>Perseguire la continuit\u00e0 nel rapporto al fine di raggiungere la fidelizzazione e la partnership della clientela.<\/li><\/ul><p>La Direzione, nell&#8217;ambito del proprio mandato di gestione dei fattori produttivi, si assume il rischio d&#8217;impresa nei confronti dei terzi e della Propriet\u00e0 a cui risponde.<\/p><p>La Direzione analizza, esamina, valuta e accetta le domande di mercato provenienti da nuovi clienti al fine ridurre il rischio d&#8217;impresa e produrre ricavi.<\/p><p>I valori-target di ogni obiettivo vengono identificati e definiti ogni anno dalla Direzione in sede di Riesame annuale del SGQ. In quella sede vengono inoltre definiti i responsabili dell&#8217;obiettivo assegnato, il timing e le risorse assegnate.<\/p><p>DIR e RDQ sono responsabili dell&#8217;aggiornamento e della divulgazione a tutto il personale della Politica per la Qualit\u00e0.<\/p><p>La Politica per la Qualit\u00e0 viene annualmente riesaminata per valutarne idoneit\u00e0 e aderenza con la realt\u00e0 aziendale e l&#8217;evoluzione del mercato, viene costantemente monitorata dalla DIR e dal RDQ.<\/p><p>\u00a0<\/p>\t\t\t\t\t\t<\/div>\n\t\t\t\t<\/div>\n\t\t\t\t\t<\/div>\n\t\t<\/div>\n\t\t\t\t\t\t\t<\/div>\n\t\t<\/section>\n\t\t\t\t\t\t\t<\/div>","protected":false},"excerpt":{"rendered":"<p>Il miglioramento continuo dei propri processi e del Sistema per la Gestione della Qualit\u00e0 sono gli strumenti che iPlus Service considera strategici per il raggiungimento dei propri obiettivi reputazionali e di business. iPlus Service lavora per rimanere all\u2019avanguardia nell\u2019evoluzione del &hellip; <a href=\"https:\/\/www.iplus.it\/en\/politica-per-la-gestione-della-qualita\/\">Read More<\/a><\/p>","protected":false},"author":1,"featured_media":0,"parent":0,"menu_order":0,"comment_status":"closed","ping_status":"closed","template":"","meta":{"om_disable_all_campaigns":false,"_monsterinsights_skip_tracking":false,"_monsterinsights_sitenote_active":false,"_monsterinsights_sitenote_note":"","_monsterinsights_sitenote_category":0,"footnotes":""},"class_list":["post-3050","page","type-page","status-publish","hentry"],"aioseo_notices":[],"_links":{"self":[{"href":"https:\/\/www.iplus.it\/en\/wp-json\/wp\/v2\/pages\/3050","targetHints":{"allow":["GET"]}}],"collection":[{"href":"https:\/\/www.iplus.it\/en\/wp-json\/wp\/v2\/pages"}],"about":[{"href":"https:\/\/www.iplus.it\/en\/wp-json\/wp\/v2\/types\/page"}],"author":[{"embeddable":true,"href":"https:\/\/www.iplus.it\/en\/wp-json\/wp\/v2\/users\/1"}],"replies":[{"embeddable":true,"href":"https:\/\/www.iplus.it\/en\/wp-json\/wp\/v2\/comments?post=3050"}],"version-history":[{"count":5,"href":"https:\/\/www.iplus.it\/en\/wp-json\/wp\/v2\/pages\/3050\/revisions"}],"predecessor-version":[{"id":3059,"href":"https:\/\/www.iplus.it\/en\/wp-json\/wp\/v2\/pages\/3050\/revisions\/3059"}],"wp:attachment":[{"href":"https:\/\/www.iplus.it\/en\/wp-json\/wp\/v2\/media?parent=3050"}],"curies":[{"name":"wp","href":"https:\/\/api.w.org\/{rel}","templated":true}]}}